{"id":21,"date":"2017-01-24T14:59:17","date_gmt":"2017-01-24T13:59:17","guid":{"rendered":"https:\/\/www.anticaacquacoltura.com\/informativa-sullutilizzo-dei-cookie\/"},"modified":"2018-07-26T12:08:00","modified_gmt":"2018-07-26T10:08:00","slug":"informativa-sullutilizzo-dei-cookie","status":"publish","type":"page","link":"https:\/\/www.anticaacquacoltura.com\/en\/informativa-sullutilizzo-dei-cookie\/","title":{"rendered":"Informativa sull&#8217;utilizzo dei cookie"},"content":{"rendered":"<h3>Cosa sono i Cookie<\/h3>\n<p>I cookie sono brevi frammenti di testo (lettere e\/o numeri) che permettono al server web di memorizzare sul client (il <em>browser<\/em>) informazioni da riutilizzare nel corso della medesima visita al Sito (cookie di sessione) o in seguito, anche a distanza di giorni (cookie persistenti). I cookie vengono memorizzati, in base alle preferenze dell&#8217;utente, dalle impostazioni del singolo <em>browser<\/em> sullo specifico dispositivo utilizzato (computer, tablet, smartphone).<\/p>\n<p>Tecnologie similari, come, ad esempio, web beacon, GIF trasparenti e tutte le forme di <em>storage<\/em> locale introdotte con HTML5, sono utilizzabili per raccogliere informazioni sul comportamento dell&#8217;utente e sull&#8217;utilizzo dei servizi.<\/p>\n<p>Nel seguito di questo documento faremo riferimento ai cookie e a tutte le tecnologie similari utilizzando semplicemente il termine \u201ccookie\u201d.<\/p>\n<p><strong>Cookie proprietari:<\/strong> sono i cookie impostati dal sito internet visitato dall&#8217;utente.<\/p>\n<p><strong>Cookie di terze parti:<\/strong> sono i cookie impostati da un dominio diverso dal sito internet visitato dall&#8217;utente.<\/p>\n<p><strong>Cookie di sessione:<\/strong> sono i cookie attivi solamente durante una sessione del browser. Permettono la connessione di tutte le attivit\u00e0 effettuate dall&#8217;utente durante la sessione del browser. I cookie di sessione vengono cancellati quando il browser viene chiuso.<\/p>\n<p><strong>Cookie persistenti:<\/strong> sono i cookie che rimangono nel PC anche dopo la fine della sessione del browser. Vengono riattivati ad ogni visita successiva del Sito da cui provengono, e rimangono per un tempo prolungato sul disco fisso del terminale. I cookie permanenti possono rimanere nel computer per giorni, mesi o persino anni.<\/p>\n<h3>Tipologie di Cookie utilizzati<\/h3>\n<p>A seguire i vari tipi di cookie utilizzati da questo Sito in funzione delle finalit\u00e0 d\u2019uso:<\/p>\n<h3>Cookie Tecnici strettamente necessari<\/h3>\n<p>Permettono il <strong>corretto funzionamento di alcune sezioni del Sito<\/strong>. Sono necessari a visualizzare correttamente il sito e in relazione ai servizi tecnici offerti. Nel caso modifiche delle impostazioni del browser dell&#8217;utente neghino la loro ricezione, questo inficier\u00e0 la corretta visualizzazione delle pagine del sito.<\/p>\n<p><strong>Questo Sito utilizza cookie Tecnici.<\/strong><\/p>\n<h3>Cookie di analisi e prestazioni<\/h3>\n<p>Utilizzati <strong>per collezionare informazioni sull\u2019uso del Sito<\/strong>. Queste informazioni sono utilizzate in merito ad analisi statistiche anonime al fine di migliorare l\u2019utilizzo del Sito e per rendere i contenuti pi\u00f9 interessanti e attinenti ai desideri dell\u2019utenza. Questi raccolgono dati in forma anonima sull\u2019attivit\u00e0 dell\u2019utenza.<\/p>\n<p><strong>Questo Sito utilizza cookie analitici.<\/strong><\/p>\n<h3>Cookie di profilazione<\/h3>\n<p>Sono quei cookie necessari a creare profili utenti al fine di inviare messaggi pubblicitari in linea con le preferenze manifestate dall\u2019utente all\u2019interno delle pagine del Sito.<\/p>\n<p><strong>Questo Sito non utilizza cookie di profilazione.<\/strong><\/p>\n<h3>Cookie di terze parti<\/h3>\n<h4>Social Plugin<\/h4>\n<p>Nel sito possono essere utilizzati \u201csocial plugin\u201d per Facebook.<\/p>\n<p>La presenza \u201csocial plugin\u201d per Facebook comporta la trasmissione di cookie da e verso tutti i siti gestiti da terze parti. La gestione delle informazioni raccolte da \u201cterze parti\u201d \u00e8 disciplinata dalle relative informative cui si prega di fare riferimento. Per garantire una maggiore trasparenza e comodit\u00e0, si riportano qui di seguito gli indirizzi web delle diverse informative e delle modalit\u00e0 per la gestione dei cookie.<\/p>\n<p>Facebook informativa: <a href=\"https:\/\/www.facebook.com\/help\/cookies\/\" target=\"_blank\">https:\/\/www.facebook.com\/help\/cookies\/<\/a><br \/>\nFacebook (configurazione): accedere al proprio account. Sezione privacy.<\/p>\n<h4>Google Analytics<\/h4>\n<p>Nel sito possono essere utilizzati cookies di Google Analytics.<\/p>\n<p>Google Analytics utilizza i &#8220;cookie&#8221; per raccogliere e analizzare in forma anonima le informazioni sui comportamenti di utilizzo dei siti web (compreso l&#8217;indirizzo IP dell&#8217;utente). Tali informazioni vengono raccolte e elaborate da Google Analytics allo scopo di redigere report anonimi riguardanti le attivit\u00e0 sui siti web stessi.<\/p>\n<p>Questo sito non utilizza (e non consente a terzi di utilizzare) lo strumento di analisi di Google per monitorare o per raccogliere informazioni personali di identificazione.<\/p>\n<p>Google non associa l&#8217;indirizzo IP a nessun altro dato posseduto da Google n\u00e9 cerca di collegare un indirizzo IP con l&#8217;identit\u00e0 di un utente. Google pu\u00f2 anche comunicare queste informazioni a terzi ove ci\u00f2 sia imposto dalla legge o laddove tali terzi trattino le suddette informazioni per conto di Google.<\/p>\n<p>Per ulteriori informazioni, si rinvia ai link di seguito indicati:<br \/>\n<a href=\"https:\/\/www.google.it\/policies\/privacy\/partners\/\" target=\"_blank\">https:\/\/www.google.it\/policies\/privacy\/partners\/<\/a><br \/>\n<a href=\"https:\/\/www.google.it\/intl\/it\/policies\/technologies\/cookies\/\" target=\"_blank\">https:\/\/www.google.it\/intl\/it\/policies\/technologies\/cookies\/<\/a><\/p>\n<p>L&#8217;utente pu\u00f2 disabilitare in modo selettivo l&#8217;azione di Google Analytics installando sul proprio browser la componente di opt-out fornito da Google. Per disabilitare l&#8217;azione di Google Analytics, si rinvia al link di seguito indicato:<br \/>\n<a href=\"https:\/\/tools.google.com\/dlpage\/gaoptout\/\" target=\"_blank\">https:\/\/tools.google.com\/dlpage\/gaoptout\/<\/a><\/p>\n<h4>YouTube<\/h4>\n<p>Nel sito possono essere incorporati video presenti su YouTube.<\/p>\n<p>Questi video, quando visionati, impostano cookies di terze parti sul Suo computer o sul Suo dispositivo mobile, appartenenti al dominio di YouTube, per poter migliorare le funzionalit\u00e0 di riproduzione video e raccogliere informazioni in formato anonimo sui video visionati dall\u2019utente.<br \/>\nLa finalit\u00e0 di questi cookies \u00e8 descritta nell\u2019informativa sull&#8217;utilizzo dei cookie di Google:<\/p>\n<p><a href=\"https:\/\/www.google.it\/intl\/it\/policies\/technologies\/cookies\/\" target=\"_blank\">https:\/\/www.google.it\/intl\/it\/policies\/technologies\/cookies\/<\/a><\/p>\n<h4>Google Maps<\/h4>\n<p>Nel sito possono essere incorporate mappe di &#8220;Google Maps&#8221;.<\/p>\n<p>Queste mappe, quando visionate, impostano cookies di terze parti sul Suo computer o sul Suo dispositivo mobile, appartenenti al dominio di Google.<br \/>\nLa finalit\u00e0 di questi cookies \u00e8 descritta nell\u2019informativa sull&#8217;utilizzo dei cookie di Google:<\/p>\n<p><a href=\"https:\/\/www.google.it\/intl\/it\/policies\/technologies\/cookies\/\" target=\"_blank\">https:\/\/www.google.it\/intl\/it\/policies\/technologies\/cookies\/<\/a><\/p>\n<h3>Gestione dei Cookie<\/h3>\n<p>L&#8217;utente pu\u00f2 decidere se accettare o meno i cookie utilizzando le impostazioni del proprio <em>browser<\/em>.<\/p>\n<p><strong>Attenzione:<\/strong> la disabilitazione totale o parziale dei cookie tecnici pu\u00f2 compromettere l&#8217;utilizzo delle funzionalit\u00e0 del sito agli utenti registrati e non. Al contrario, la fruibilit\u00e0 dei contenuti pubblici \u00e8 possibile anche disabilitando completamente i cookie.<\/p>\n<p>La disabilitazione dei cookie \u201cterze parti\u201d non pregiudica in alcun modo la navigabilit\u00e0.<\/p>\n<p>L&#8217;impostazione pu\u00f2 essere definita in modo specifico per i diversi siti e applicazioni web. Inoltre i migliori <em>browser<\/em> consentono di definire impostazioni diverse per i cookie \u201cproprietari\u201d e per quelli di \u201cterze parti\u201d.<\/p>\n<h4><strong>Chrome<\/strong><\/h4>\n<ol type=\"1\">\n<li>Eseguire il Browser Chrome<\/li>\n<li>Fare click sul men\u00f9 presente nella barra degli strumenti del browser a fianco della finestra di inserimento url per la navigazione<\/li>\n<li>Selezionare <strong>Impostazioni<\/strong><\/li>\n<li>Fare clic su <strong>Mostra Impostazioni Avanzate<\/strong><\/li>\n<li>Nella sezione \u201cPrivacy\u201d fare clic su bottone \u201c<strong>Impostazioni contenuti<\/strong>\u201c<\/li>\n<li>Nella sezione \u201cCookie\u201d \u00e8 possibile modificare le seguenti impostazioni relative ai cookie:\n<ul class=\"sub\">\n<li>Consentire il salvataggio dei dati in locale<\/li>\n<li>Modificare i dati locali solo fino alla chiusura del browser<\/li>\n<li>Impedire ai siti di impostare i cookie<\/li>\n<li>Bloccare i cookie di terze parti e i dati dei siti<\/li>\n<li>Gestire le eccezioni per alcuni siti internet<\/li>\n<li>Eliminazione di uno o tutti i cookie<\/li>\n<\/ul>\n<\/li>\n<\/ol>\n<p>Per maggiori informazioni visita la pagina dedicata:<br \/>\n<a href=\"https:\/\/support.google.com\/accounts\/answer\/61416?hl=en\" target=\"_blank\">https:\/\/support.google.com\/accounts\/answer\/61416?hl=en<\/a><\/p>\n<h4>Mozilla Firefox<\/h4>\n<ol type=\"1\">\n<li>Eseguire il Browser Mozilla Firefox<\/li>\n<li>Fare click sul men\u00f9 presente nella barra degli strumenti del browser a fianco della finestra di inserimento url per la navigazione<\/li>\n<li>Selezionare <strong>Opzioni<\/strong><\/li>\n<li>Selezionare il pannello <strong>Privacy<\/strong><\/li>\n<li>Fare clic su<strong>Mostra Impostazioni Avanzate<\/strong><\/li>\n<li>Nella sezione \u201cPrivacy\u201d fare clic su bottone \u201c<strong>Impostazioni contenuti<\/strong>\u201c<\/li>\n<li>Nella sezione \u201c<strong>Tracciamento<\/strong>\u201d \u00e8 possibile modificare le seguenti impostazioni relative ai cookie:\n<ul class=\"sub\">\n<li>Richiedi ai siti di non effettuare alcun tracciamento<\/li>\n<li>Comunica ai siti la disponibilit\u00e0 ad essere tracciato<\/li>\n<li>Non comunicare alcuna preferenza relativa al tracciamento dei dati personali<\/li>\n<\/ul>\n<\/li>\n<li>Dalla sezione \u201c<strong>Cronologia<\/strong>\u201d \u00e8 possibile:\n<ul class=\"sub\">\n<li>Abilitando \u201cUtilizza impostazioni personalizzate\u201d selezionare di accettare i cookie di terze parti (sempre, dai siti pi\u00f9 visitati o mai) e di conservarli per un periodo determinato (fino alla loro scadenza, alla chiusura di Firefox o di chiedere ogni volta)<\/li>\n<li>Rimuovere i singoli cookie immagazzinati<\/li>\n<\/ul>\n<\/li>\n<\/ol>\n<p>Per maggiori informazioni visita la pagina dedicata:<br \/>\n<a href=\"https:\/\/support.mozilla.org\/en-US\/kb\/enable-and-disable-cookies-website-preferences\" target=\"_blank\">https:\/\/support.mozilla.org\/en-US\/kb\/enable-and-disable-cookies-website-preferences<\/a><\/p>\n<h4>Internet Explorer<\/h4>\n<ol type=\"1\">\n<li>Eseguire il Browser Internet Explorer<\/li>\n<li>Fare click sul pulsante <strong>Strumenti<\/strong> e scegliere <strong>Opzioni Internet<\/strong><\/li>\n<li>Fare click sulla scheda <strong>Privacy<\/strong>e nella sezione Impostazioni modificare il dispositivo di scorrimento in funzione dell\u2019azione desiderata per i cookie:\n<ul class=\"sub\">\n<li>Bloccare tutti i cookie<\/li>\n<li>Consentire tutti i cookie<\/li>\n<li>Selezione dei siti da cui ottenere cookie: spostare il cursore in una posizione intermedia in modo da non bloccare o consentire tutti i cookie, premere quindi su Siti, nella casella Indirizzo Sito Web inserire un sito internet e quindi premere su Blocca o Consenti<\/li>\n<\/ul>\n<\/li>\n<\/ol>\n<p>Per maggiori informazioni visita la pagina dedicata:<br \/>\n<a href=\"http:\/\/windows.microsoft.com\/it-it\/windows-vista\/block-or-allow-cookies\" target=\"_blank\">http:\/\/windows.microsoft.com\/it-it\/windows-vista\/block-or-allow-cookies<\/a><\/p>\n<h4>Safari 6<\/h4>\n<ol type=\"1\">\n<li>Eseguire il Browser Safari<\/li>\n<li>Fare click su <strong>Safari<\/strong>, selezionare <strong>Preferenze<\/strong> e premere su <strong>Privacy<\/strong><\/li>\n<li>Nella sezione <em>Blocca Cookie<\/em> specificare come Safari deve accettare i cookie dai siti internet<\/li>\n<li>Per visionare quali siti hanno immagazzinato i cookie cliccare su <strong>Dettagli<\/strong><\/li>\n<\/ol>\n<p>Per maggiori informazioni visita la pagina dedicata:<br \/>\n<a href=\"https:\/\/support.apple.com\/kb\/PH17191?locale=it_IT\" target=\"_blank\">https:\/\/support.apple.com\/kb\/PH17191?locale=it_IT<\/a><\/p>\n<h4>Safari iOS (dispositivi mobile)<\/h4>\n<ol type=\"1\">\n<li>Eseguire il Browser Safari iOS<\/li>\n<li>Tocca su <strong>Impostazioni<\/strong>e poi <strong>Safari<\/strong><\/li>\n<li>Tocca su <strong>Blocca Cookie<\/strong> e scegli tra le varie opzioni: \u201cMai\u201d, \u201cDi terze parti e inserzionisti\u201d o \u201cSempre\u201d<\/li>\n<li>Per cancellare tutti i cookie immagazzinati da Safari, tocca su <strong>Impostazioni<\/strong>, poi su <strong>Safari<\/strong> e infine su <strong>Cancella Cookie e dati<\/strong><\/li>\n<\/ol>\n<p>Per maggiori informazioni visita la pagina dedicata:<br \/>\n<a href=\"https:\/\/support.apple.com\/it-it\/HT201265\" target=\"_blank\">https:\/\/support.apple.com\/it-it\/HT201265<\/a><\/p>\n<h4>Opera<\/h4>\n<ol type=\"1\">\n<li>Eseguire il Browser Opera<\/li>\n<li>Fare click sul Preferenze poi su Avanzate e infine su Cookie<\/li>\n<li>Selezionare una delle seguenti opzioni:\n<ul class=\"sub\">\n<li>Accetta tutti i cookie<\/li>\n<li>Accetta i cookie solo dal sito che si visita: i cookie di terze parti e che vengono inviati da un dominio diverso da quello che si sta visitando verranno rifiutati<\/li>\n<li>Non accettare mai i cookie: tutti i cookie non verranno mai salvati<\/li>\n<\/ul>\n<\/li>\n<\/ol>\n<p>Per maggiori informazioni visita la pagina dedicata:<br \/>\n<a href=\"https:\/\/help.opera.com\/en\/latest\/web-preferences\/#cookies\" target=\"_blank\">https:\/\/help.opera.com\/en\/latest\/web-preferences\/#cookies<\/a><\/p>\n<p>&nbsp;<\/p>\n<p>Questa pagina \u00e8 visibile, mediante link in calce in tutte le pagine del Sito ai sensi dell\u2019art. 122 secondo comma del D.lgs. 196\/2003 e a seguito delle modalit\u00e0 semplificate per l\u2019informativa e l\u2019acquisizione del consenso per l\u2019uso dei cookie pubblicata sulla Gazzetta Ufficiale n.126 del 3 giugno 2014 e relativo registro dei provvedimenti n.229 dell\u20198 maggio 2014.<\/p>\n","protected":false},"excerpt":{"rendered":"<p>Cosa sono i Cookie I cookie sono brevi frammenti di testo (lettere e\/o numeri) che permettono al server web di memorizzare sul client (il browser) informazioni da riutilizzare nel corso della medesima visita al Sito (cookie di sessione) o in seguito, anche a distanza di giorni (cookie persistenti). I cookie vengono memorizzati, in base alle preferenze dell&#8217;utente, dalle impostazioni del singolo browser sullo specifico dispositivo utilizzato (computer, tablet, smartphone). Tecnologie similari, come, ad esempio, web beacon, GIF trasparenti e tutte le forme di storage locale introdotte con HTML5, sono utilizzabili per raccogliere informazioni sul comportamento dell&#8217;utente e sull&#8217;utilizzo dei servizi. Nel seguito di questo documento faremo riferimento ai cookie e a tutte le tecnologie similari utilizzando semplicemente il termine \u201ccookie\u201d. Cookie proprietari: sono i cookie impostati dal sito internet visitato dall&#8217;utente. Cookie di terze parti: sono i cookie impostati da un dominio diverso dal sito internet visitato dall&#8217;utente. Cookie di sessione: sono i cookie attivi solamente durante una sessione del browser. Permettono la connessione di tutte le attivit\u00e0 effettuate dall&#8217;utente durante la sessione del browser. I cookie di sessione vengono cancellati quando il browser viene chiuso. Cookie persistenti: sono i cookie che rimangono nel PC anche dopo la fine della sessione del browser. Vengono riattivati ad ogni visita successiva del Sito da cui provengono, e rimangono per un tempo prolungato sul disco fisso del terminale. I cookie permanenti possono rimanere nel computer per giorni, mesi o persino anni. Tipologie di Cookie utilizzati A seguire i vari tipi di cookie utilizzati da questo Sito in funzione delle finalit\u00e0 d\u2019uso: Cookie Tecnici strettamente necessari Permettono il corretto funzionamento di alcune sezioni del Sito. Sono necessari a visualizzare correttamente il sito e in relazione ai servizi tecnici offerti. Nel caso modifiche delle impostazioni del browser dell&#8217;utente neghino la loro ricezione, questo inficier\u00e0 la [&hellip;]<\/p>\n","protected":false},"author":1,"featured_media":0,"parent":0,"menu_order":0,"comment_status":"closed","ping_status":"closed","template":"","meta":{"ngg_post_thumbnail":0,"footnotes":""},"class_list":["post-21","page","type-page","status-publish","hentry"],"yoast_head":"<!-- This site is optimized with the Yoast SEO plugin v26.0 - https:\/\/yoast.com\/wordpress\/plugins\/seo\/ -->\n<title>Informativa sull&#039;utilizzo dei cookie - Antica AcquaColtura<\/title>\n<meta name=\"description\" content=\"Informativa sull&#039;utilizzo dei cookie. Cosa sono i Cookie I cookie sono brevi frammenti di testo (lettere e\/o numeri) che permettono al server web di memorizzare sul client (il browser)\" \/>\n<meta name=\"robots\" content=\"index, follow, max-snippet:-1, max-image-preview:large, max-video-preview:-1\" \/>\n<link rel=\"canonical\" href=\"https:\/\/www.anticaacquacoltura.com\/en\/informativa-sullutilizzo-dei-cookie\/\" \/>\n<meta name=\"twitter:label1\" content=\"Est. reading time\" \/>\n\t<meta name=\"twitter:data1\" content=\"8 minutes\" \/>\n<script type=\"application\/ld+json\" class=\"yoast-schema-graph\">{\"@context\":\"https:\/\/schema.org\",\"@graph\":[{\"@type\":\"WebPage\",\"@id\":\"https:\/\/www.anticaacquacoltura.com\/en\/informativa-sullutilizzo-dei-cookie\/\",\"url\":\"https:\/\/www.anticaacquacoltura.com\/en\/informativa-sullutilizzo-dei-cookie\/\",\"name\":\"Informativa sull'utilizzo dei cookie - Antica AcquaColtura\",\"isPartOf\":{\"@id\":\"https:\/\/www.anticaacquacoltura.com\/#website\"},\"datePublished\":\"2017-01-24T13:59:17+00:00\",\"dateModified\":\"2018-07-26T10:08:00+00:00\",\"description\":\"Informativa sull'utilizzo dei cookie. Cosa sono i Cookie I cookie sono brevi frammenti di testo (lettere e\/o numeri) che permettono al server web di memorizzare sul client (il browser)\",\"breadcrumb\":{\"@id\":\"https:\/\/www.anticaacquacoltura.com\/en\/informativa-sullutilizzo-dei-cookie\/#breadcrumb\"},\"inLanguage\":\"en-US\",\"potentialAction\":[{\"@type\":\"ReadAction\",\"target\":[\"https:\/\/www.anticaacquacoltura.com\/en\/informativa-sullutilizzo-dei-cookie\/\"]}]},{\"@type\":\"BreadcrumbList\",\"@id\":\"https:\/\/www.anticaacquacoltura.com\/en\/informativa-sullutilizzo-dei-cookie\/#breadcrumb\",\"itemListElement\":[{\"@type\":\"ListItem\",\"position\":1,\"name\":\"Home\",\"item\":\"https:\/\/www.anticaacquacoltura.com\/en\/\"},{\"@type\":\"ListItem\",\"position\":2,\"name\":\"Informativa sull&#8217;utilizzo dei cookie\"}]},{\"@type\":\"WebSite\",\"@id\":\"https:\/\/www.anticaacquacoltura.com\/#website\",\"url\":\"https:\/\/www.anticaacquacoltura.com\/\",\"name\":\"Antica AcquaColtura\",\"description\":\"Just another WordPress site\",\"potentialAction\":[{\"@type\":\"SearchAction\",\"target\":{\"@type\":\"EntryPoint\",\"urlTemplate\":\"https:\/\/www.anticaacquacoltura.com\/?s={search_term_string}\"},\"query-input\":{\"@type\":\"PropertyValueSpecification\",\"valueRequired\":true,\"valueName\":\"search_term_string\"}}],\"inLanguage\":\"en-US\"}]}<\/script>\n<!-- \/ Yoast SEO plugin. -->","yoast_head_json":{"title":"Informativa sull'utilizzo dei cookie - Antica AcquaColtura","description":"Informativa sull'utilizzo dei cookie. Cosa sono i Cookie I cookie sono brevi frammenti di testo (lettere e\/o numeri) che permettono al server web di memorizzare sul client (il browser)","robots":{"index":"index","follow":"follow","max-snippet":"max-snippet:-1","max-image-preview":"max-image-preview:large","max-video-preview":"max-video-preview:-1"},"canonical":"https:\/\/www.anticaacquacoltura.com\/en\/informativa-sullutilizzo-dei-cookie\/","twitter_misc":{"Est. reading time":"8 minutes"},"schema":{"@context":"https:\/\/schema.org","@graph":[{"@type":"WebPage","@id":"https:\/\/www.anticaacquacoltura.com\/en\/informativa-sullutilizzo-dei-cookie\/","url":"https:\/\/www.anticaacquacoltura.com\/en\/informativa-sullutilizzo-dei-cookie\/","name":"Informativa sull'utilizzo dei cookie - Antica AcquaColtura","isPartOf":{"@id":"https:\/\/www.anticaacquacoltura.com\/#website"},"datePublished":"2017-01-24T13:59:17+00:00","dateModified":"2018-07-26T10:08:00+00:00","description":"Informativa sull'utilizzo dei cookie. Cosa sono i Cookie I cookie sono brevi frammenti di testo (lettere e\/o numeri) che permettono al server web di memorizzare sul client (il browser)","breadcrumb":{"@id":"https:\/\/www.anticaacquacoltura.com\/en\/informativa-sullutilizzo-dei-cookie\/#breadcrumb"},"inLanguage":"en-US","potentialAction":[{"@type":"ReadAction","target":["https:\/\/www.anticaacquacoltura.com\/en\/informativa-sullutilizzo-dei-cookie\/"]}]},{"@type":"BreadcrumbList","@id":"https:\/\/www.anticaacquacoltura.com\/en\/informativa-sullutilizzo-dei-cookie\/#breadcrumb","itemListElement":[{"@type":"ListItem","position":1,"name":"Home","item":"https:\/\/www.anticaacquacoltura.com\/en\/"},{"@type":"ListItem","position":2,"name":"Informativa sull&#8217;utilizzo dei cookie"}]},{"@type":"WebSite","@id":"https:\/\/www.anticaacquacoltura.com\/#website","url":"https:\/\/www.anticaacquacoltura.com\/","name":"Antica AcquaColtura","description":"Just another WordPress site","potentialAction":[{"@type":"SearchAction","target":{"@type":"EntryPoint","urlTemplate":"https:\/\/www.anticaacquacoltura.com\/?s={search_term_string}"},"query-input":{"@type":"PropertyValueSpecification","valueRequired":true,"valueName":"search_term_string"}}],"inLanguage":"en-US"}]}},"_links":{"self":[{"href":"https:\/\/www.anticaacquacoltura.com\/en\/wp-json\/wp\/v2\/pages\/21","targetHints":{"allow":["GET"]}}],"collection":[{"href":"https:\/\/www.anticaacquacoltura.com\/en\/wp-json\/wp\/v2\/pages"}],"about":[{"href":"https:\/\/www.anticaacquacoltura.com\/en\/wp-json\/wp\/v2\/types\/page"}],"author":[{"embeddable":true,"href":"https:\/\/www.anticaacquacoltura.com\/en\/wp-json\/wp\/v2\/users\/1"}],"replies":[{"embeddable":true,"href":"https:\/\/www.anticaacquacoltura.com\/en\/wp-json\/wp\/v2\/comments?post=21"}],"version-history":[{"count":2,"href":"https:\/\/www.anticaacquacoltura.com\/en\/wp-json\/wp\/v2\/pages\/21\/revisions"}],"predecessor-version":[{"id":276,"href":"https:\/\/www.anticaacquacoltura.com\/en\/wp-json\/wp\/v2\/pages\/21\/revisions\/276"}],"wp:attachment":[{"href":"https:\/\/www.anticaacquacoltura.com\/en\/wp-json\/wp\/v2\/media?parent=21"}],"curies":[{"name":"wp","href":"https:\/\/api.w.org\/{rel}","templated":true}]}}